{"id":71,"date":"2019-03-30T18:52:28","date_gmt":"2019-03-30T21:52:28","guid":{"rendered":"http:\/\/eosom.com.br\/site\/?page_id=71"},"modified":"2019-03-30T19:08:17","modified_gmt":"2019-03-30T22:08:17","slug":"escola","status":"publish","type":"page","link":"http:\/\/eosom.com.br\/site\/escola\/","title":{"rendered":"Escola"},"content":{"rendered":"<div id=\"pl-71\"  class=\"panel-layout\" ><div id=\"pg-71-0\"  class=\"panel-grid panel-has-style\" ><div class=\"siteorigin-panels-stretch panel-row-style panel-row-style-for-71-0\" data-stretch-type=\"full\" ><div id=\"pgc-71-0-0\"  class=\"panel-grid-cell\" ><div id=\"panel-71-0-0-0\" class=\"so-panel widget widget_media_image panel-first-child panel-last-child\" data-index=\"0\" ><img width=\"284\" height=\"300\" src=\"http:\/\/eosom.com.br\/site\/wp-content\/uploads\/2019\/03\/tit_e_o_som-1-284x300.png\" class=\"image wp-image-72  attachment-medium size-medium\" alt=\"\" decoding=\"async\" loading=\"lazy\" style=\"max-width: 100%; height: auto;\" srcset=\"http:\/\/eosom.com.br\/site\/wp-content\/uploads\/2019\/03\/tit_e_o_som-1-284x300.png 284w, http:\/\/eosom.com.br\/site\/wp-content\/uploads\/2019\/03\/tit_e_o_som-1.png 443w\" sizes=\"(max-width: 284px) 100vw, 284px\" \/><\/div><\/div><div id=\"pgc-71-0-1\"  class=\"panel-grid-cell\" ><div id=\"panel-71-0-1-0\" class=\"so-panel widget widget_sow-editor panel-first-child panel-last-child\" data-index=\"1\" ><div\n\t\t\t\n\t\t\tclass=\"so-widget-sow-editor so-widget-sow-editor-base\"\n\t\t\t\n\t\t>\n<div class=\"siteorigin-widget-tinymce textwidget\">\n\t<h1 align=\"justify\">A escola<\/h1>\n<p align=\"justify\">No m\u00eas de maio de 2008, em Navegantes foi inaugurada a Escola de m\u00fasica \u00c9 o Som. A primeira Escola da cidade tem como objetivo difundir a cultura musical, bem como aprimorar t\u00e9cnicas e o conhecimento de estudantes e interessados em aprender m\u00fasica.<\/p>\n<p align=\"justify\">Criada pelo m\u00fasico navegantino e professor Maykow Santos, Licenciado em M\u00fasica na Univali, professor de\u00a0viol\u00e3o na\u00a0Funda\u00e7\u00e3o\u00a0de Cultura de Navegantes-SC por 10 anos e desenvolve projetos culturais voltados a arte em geral na cidade de Navegantes-SC.<\/p>\n<p align=\"justify\">A Escola \u00c9 o Som oferece aulas de Teoria musical, Musicaliza\u00e7\u00e3o Infantil, Baixo, Bateria, Viol\u00e3o, Guitarra, Percuss\u00e3o, Flauta, Clarinete, Sax, Cavaco, Teclado, Piano, Acordeon, Canto e Pr\u00e1tica\u00a0em Conjunto.<\/p>\n<p align=\"justify\">A metodologia utilizada foi desenvolvida com o objetivo de fazer com que o aluno conhe\u00e7a os principais conceitos te\u00f3ricos e vivencie o fazer musical\u00a0solo e em grupo. Os alunos participam de ensaios e posteriormente de mostras e apresenta\u00e7\u00f5es em eventos realizados pela \u00c9 o Som, tais como Projeto\u00a0Musicando na Escola e Festival de m\u00fasica Embarque no Som.<\/p>\n<p align=\"justify\">Nossa equipe de professores s\u00e3o m\u00fasicos profissionais\u00a0e experientes na\u00a0pr\u00e1tica pedag\u00f3gica musical.<\/p>\n<p align=\"justify\">As salas s\u00e3o climatizadas e equipadas, n\u00e3o havendo necessidade do aluno trazerem instrumento para as aulas pr\u00e1ticas.<\/p>\n<p align=\"justify\">A m\u00fasica tem um papel importante na sociedade, pois o conhecimento musical enriquece culturalmente e traz qualidade de vida, bem como o equil\u00edbrio do corpo, mente e alma.<\/p>\n<p align=\"justify\">Nosso hor\u00e1rio de atendimento de Segunda a Sexta das 8h \u00e0s 12h e das 13:30h \u00e0s 21h. S\u00e1bado das 9h as 11h<\/p>\n<p align=\"justify\"><strong>Venha fazer aula de m\u00fasica na Escola \u00c9 o Som, pra tocar a vida numa boa.<\/strong><\/p>\n<\/div>\n<\/div><\/div><\/div><\/div><\/div><div id=\"pg-71-1\"  class=\"panel-grid panel-has-style\" ><div class=\"siteorigin-panels-stretch panel-row-style panel-row-style-for-71-1\" data-stretch-type=\"full\" ><div id=\"pgc-71-1-0\"  class=\"panel-grid-cell\" ><div id=\"panel-71-1-0-0\" class=\"widget_text so-panel widget widget_custom_html panel-first-child panel-last-child\" data-index=\"2\" ><div class=\"textwidget custom-html-widget\"><!-- Final Tiles Grid Gallery for WordPress v3.5.5 free --><style>#ftg-33 .tile .icon { color:#ffffff; }#ftg-33 .ftg-items .loading-bar i { background:#666; }#ftg-33 .ftg-items .loading-bar { background:#fff; }#ftg-33 .tile .icon { font-size:12px; }#ftg-33 .tile .icon { margin: -6px 0 0 -6px; }#ftg-33 .tile .caption-block .text-wrapper span.text { font-size:12px; }#ftg-33 .tile .caption-outside .text-wrapper span.text { font-size:12px; }#ftg-33 .tile .caption-block .text-wrapper span.title { font-size:14px; }#ftg-33 .tile .caption-outside .text-wrapper span.title { font-size:14px; }#ftg-33 .tile { background-color: transparent; }#ftg-33 .tile .caption-block .text-wrapper span.text { color: #ffffff; }#ftg-33 .tile .caption-block .text-wrapper span.title { color: #ffffff; }#ftg-33 .tile .caption-outside .text-wrapper span.text { color: #ffffff; }#ftg-33 .tile .caption-outside .text-wrapper span.title { color: #ffffff; }#ftg-33 .tile .ftg-social a { color: #ffffff; }#ftg-33 .tile .caption-block { transition-timing-function:linear; }#ftg-33 .tile .caption-block { transition-duration:0.25s; }#ftg-33 .tile .tile-inner:before { background-color: #000000; }#ftg-33 .tile .tile-inner:before { background-color: rgba(0, 0, 0, 0.8); }<\/style><a name='3'><\/a><div class='final-tiles-gallery  ftg-hover-enabled caption-inside  caption-none caption-middle caption-center' id='ftg-33' style='width:100%'><div class='ftg-items'><div class='loading-bar'><i><\/i><\/div><div  class='tile ftg-preload  '><a title=\"\" data-lightbox='ftg-33' rel='ftg-33'  class=' tile-inner  ftg-lightbox' href='http:\/\/eosom.com.br\/site\/wp-content\/uploads\/2019\/03\/7.jpg' ><img alt='' class='item skip-lazy' data-class='item' data-ftg-source='http:\/\/eosom.com.br\/site\/wp-content\/uploads\/2019\/03\/7-380x350.jpg' src='http:\/\/eosom.com.br\/site\/wp-content\/uploads\/2019\/03\/7-380x350.jpg' width='380' height='350' \/><span class='icon fa fa-zoom'><\/span><div class='caption-block'><\/div><\/a><div class='ftg-social'><\/div><\/div><div  class='tile ftg-preload  '><a title=\"\" data-lightbox='ftg-33' rel='ftg-33'  class=' tile-inner  ftg-lightbox' href='http:\/\/eosom.com.br\/site\/wp-content\/uploads\/2019\/03\/6.jpg' ><img alt='' class='item skip-lazy' data-class='item' data-ftg-source='http:\/\/eosom.com.br\/site\/wp-content\/uploads\/2019\/03\/6-380x350.jpg' src='http:\/\/eosom.com.br\/site\/wp-content\/uploads\/2019\/03\/6-380x350.jpg' width='380' height='350' \/><span class='icon fa fa-zoom'><\/span><div class='caption-block'><\/div><\/a><div class='ftg-social'><\/div><\/div><div  class='tile ftg-preload  '><a title=\"\" data-lightbox='ftg-33' rel='ftg-33'  class=' tile-inner  ftg-lightbox' href='http:\/\/eosom.com.br\/site\/wp-content\/uploads\/2019\/03\/5.jpg' ><img alt='' class='item skip-lazy' data-class='item' data-ftg-source='http:\/\/eosom.com.br\/site\/wp-content\/uploads\/2019\/03\/5-380x350.jpg' src='http:\/\/eosom.com.br\/site\/wp-content\/uploads\/2019\/03\/5-380x350.jpg' width='380' height='350' \/><span class='icon fa fa-zoom'><\/span><div class='caption-block'><\/div><\/a><div class='ftg-social'><\/div><\/div><div  class='tile ftg-preload  '><a title=\"\" data-lightbox='ftg-33' rel='ftg-33'  class=' tile-inner  ftg-lightbox' href='http:\/\/eosom.com.br\/site\/wp-content\/uploads\/2019\/03\/3.jpg' ><img alt='' class='item skip-lazy' data-class='item' data-ftg-source='http:\/\/eosom.com.br\/site\/wp-content\/uploads\/2019\/03\/3-380x350.jpg' src='http:\/\/eosom.com.br\/site\/wp-content\/uploads\/2019\/03\/3-380x350.jpg' width='380' height='350' \/><span class='icon fa fa-zoom'><\/span><div class='caption-block'><\/div><\/a><div class='ftg-social'><\/div><\/div><div  class='tile ftg-preload  '><a title=\"\" data-lightbox='ftg-33' rel='ftg-33'  class=' tile-inner  ftg-lightbox' href='http:\/\/eosom.com.br\/site\/wp-content\/uploads\/2019\/03\/2.jpg' ><img alt='' class='item skip-lazy' data-class='item' data-ftg-source='http:\/\/eosom.com.br\/site\/wp-content\/uploads\/2019\/03\/2-380x350.jpg' src='http:\/\/eosom.com.br\/site\/wp-content\/uploads\/2019\/03\/2-380x350.jpg' width='380' height='350' \/><span class='icon fa fa-zoom'><\/span><div class='caption-block'><\/div><\/a><div class='ftg-social'><\/div><\/div><div  class='tile ftg-preload  '><a title=\"\" data-lightbox='ftg-33' rel='ftg-33'  class=' tile-inner  ftg-lightbox' href='http:\/\/eosom.com.br\/site\/wp-content\/uploads\/2019\/03\/1.jpg' ><img alt='' class='item skip-lazy' data-class='item' data-ftg-source='http:\/\/eosom.com.br\/site\/wp-content\/uploads\/2019\/03\/1-380x350.jpg' src='http:\/\/eosom.com.br\/site\/wp-content\/uploads\/2019\/03\/1-380x350.jpg' width='380' height='350' \/><span class='icon fa fa-zoom'><\/span><div class='caption-block'><\/div><\/a><div class='ftg-social'><\/div><\/div><\/div><\/div><script type='text\/javascript'>jQuery('#ftg-33 img.item').removeAttr('src');jQuery(document).ready(function () {setTimeout(function () {jQuery('#ftg-33').finalTilesGallery({minTileWidth: 250,margin: 10,loadMethod: 'sequential',nonce: '55f7930cb9',galleryId: '3',setupFilters: true,layout: 'final',debug: false,gridSize: 25,disableGridSizeBelow:800,allowEnlargement: true,imageSizeFactor: [ [4000, 0.9],[1024, 0.8],[768, 0.7],[640, 0.6],[320, 0.5]],selectedFilter: 'n-a'});jQuery(function () {(function () {var rel = '';jQuery('#ftg-33 .ftg-lightbox').click(function (e) {rel = jQuery(this).attr('rel');jQuery('#ftg-33 .ftg-current').removeClass('ftg-current');jQuery('#ftg-33 [rel=\"'+rel+'\"]').addClass('ftg-current');});})();});}, 0);});<\/script><\/div><\/div><\/div><\/div><\/div><\/div>","protected":false},"excerpt":{"rendered":"<p>A escola No m\u00eas de maio de 2008, em Navegantes foi inaugurada a Escola de m\u00fasica \u00c9 o Som. A primeira Escola da cidade tem como objetivo difundir a cultura musical, bem como aprimorar t\u00e9cnicas e o conhecimento de estudantes e interessados em aprender m\u00fasica. Criada pelo m\u00fasico navegantino e professor Maykow Santos, Licenciado em [&hellip;]<\/p>\n","protected":false},"author":1,"featured_media":0,"parent":0,"menu_order":0,"comment_status":"closed","ping_status":"closed","template":"","meta":[],"_links":{"self":[{"href":"http:\/\/eosom.com.br\/site\/wp-json\/wp\/v2\/pages\/71"}],"collection":[{"href":"http:\/\/eosom.com.br\/site\/wp-json\/wp\/v2\/pages"}],"about":[{"href":"http:\/\/eosom.com.br\/site\/wp-json\/wp\/v2\/types\/page"}],"author":[{"embeddable":true,"href":"http:\/\/eosom.com.br\/site\/wp-json\/wp\/v2\/users\/1"}],"replies":[{"embeddable":true,"href":"http:\/\/eosom.com.br\/site\/wp-json\/wp\/v2\/comments?post=71"}],"version-history":[{"count":13,"href":"http:\/\/eosom.com.br\/site\/wp-json\/wp\/v2\/pages\/71\/revisions"}],"predecessor-version":[{"id":94,"href":"http:\/\/eosom.com.br\/site\/wp-json\/wp\/v2\/pages\/71\/revisions\/94"}],"wp:attachment":[{"href":"http:\/\/eosom.com.br\/site\/wp-json\/wp\/v2\/media?parent=71"}],"curies":[{"name":"wp","href":"https:\/\/api.w.org\/{rel}","templated":true}]}}