{"id":15,"date":"2019-03-28T19:48:23","date_gmt":"2019-03-28T22:48:23","guid":{"rendered":"http:\/\/eosom.com.br\/site\/?page_id=15"},"modified":"2019-05-15T20:14:30","modified_gmt":"2019-05-15T23:14:30","slug":"home","status":"publish","type":"page","link":"http:\/\/eosom.com.br\/site\/","title":{"rendered":"Home"},"content":{"rendered":"<div id=\"pl-15\"  class=\"panel-layout\" ><div id=\"pg-15-0\"  class=\"panel-grid panel-has-style\" ><div class=\"siteorigin-panels-stretch panel-row-style panel-row-style-for-15-0\" data-stretch-type=\"full-stretched-padded\" ><div id=\"pgc-15-0-0\"  class=\"panel-grid-cell\" ><div id=\"panel-15-0-0-0\" class=\"so-panel widget widget_metaslider_widget panel-first-child panel-last-child\" data-index=\"0\" ><div id=\"metaslider-id-108\" style=\"width: 100%;\" class=\"ml-slider-3-27-13 metaslider metaslider-flex metaslider-108 ml-slider nav-hidden\">\n    <div id=\"metaslider_container_108\">\n        <div id=\"metaslider_108\">\n            <ul aria-live=\"polite\" class=\"slides\">\n                <li style=\"display: block; width: 100%;\" class=\"slide-110 ms-image\"><img src=\"http:\/\/eosom.com.br\/site\/wp-content\/uploads\/2019\/04\/10anos.jpg\" height=\"500\" width=\"1500\" alt=\"\" class=\"slider-108 slide-110\" title=\"10anos\" \/><\/li>\n            <\/ul>\n        <\/div>\n        \n    <\/div>\n<\/div><\/div><\/div><\/div><\/div><div id=\"pg-15-1\"  class=\"panel-grid panel-has-style\" ><div class=\"siteorigin-panels-stretch panel-row-style panel-row-style-for-15-1\" data-stretch-type=\"full-stretched-padded\" ><div id=\"pgc-15-1-0\"  class=\"panel-grid-cell\" ><div id=\"panel-15-1-0-0\" class=\"so-panel widget widget_siteorigin-panels-builder panel-first-child panel-last-child\" data-index=\"1\" ><div id=\"pl-w5ca53a1b9f027\"  class=\"panel-layout\" ><div id=\"pg-w5ca53a1b9f027-0\"  class=\"panel-grid panel-has-style\" ><div class=\"siteorigin-panels-stretch panel-row-style panel-row-style-for-w5ca53a1b9f027-0\" data-stretch-type=\"full\" ><div id=\"pgc-w5ca53a1b9f027-0-0\"  class=\"panel-grid-cell\" ><div id=\"panel-w5ca53a1b9f027-0-0-0\" class=\"so-panel widget widget_media_image panel-first-child panel-last-child\" data-index=\"0\" ><img width=\"284\" height=\"300\" src=\"http:\/\/eosom.com.br\/site\/wp-content\/uploads\/2019\/03\/tit_e_o_som-284x300.png\" class=\"image wp-image-16  attachment-medium size-medium\" alt=\"\" decoding=\"async\" loading=\"lazy\" style=\"max-width: 100%; height: auto;\" srcset=\"http:\/\/eosom.com.br\/site\/wp-content\/uploads\/2019\/03\/tit_e_o_som-284x300.png 284w, http:\/\/eosom.com.br\/site\/wp-content\/uploads\/2019\/03\/tit_e_o_som.png 443w\" sizes=\"(max-width: 284px) 100vw, 284px\" \/><\/div><\/div><div id=\"pgc-w5ca53a1b9f027-0-1\"  class=\"panel-grid-cell\" ><div id=\"panel-w5ca53a1b9f027-0-1-0\" class=\"widget_text so-panel widget widget_custom_html panel-first-child panel-last-child\" data-index=\"1\" ><div class=\"textwidget custom-html-widget\"><div style=\"color:#000; text-align:justify;\">\n\t<h1 style=\"color:#000 !important;\"> A escola\t<\/h1>\n\t<p>No m\u00eas de maio de 2008, em Navegantes foi inaugurada a Escola de m\u00fasica \u00c9 o Som. A primeira Escola da cidade tem como objetivo difundir a cultura musical, bem como aprimorar t\u00e9cnicas e o conhecimento de estudantes e interessados em aprender m\u00fasica.\n\t<\/p>\n\t<p>Criada pelo m\u00fasico navegantino e professor Maykow Santos, Licenciado em M\u00fasica na Univali, professor de viol\u00e3o na Funda\u00e7\u00e3o de Cultura de Navegantes-SC por 10 anos e desenvolve projetos culturais voltados a arte em geral na cidade de Navegantes-SC.\n\t<\/p>\n\t<p>A Escola \u00c9 o Som oferece aulas de Teoria musical, Musicaliza\u00e7\u00e3o Infantil, Baixo, Bateria, Viol\u00e3o, Guitarra, Percuss\u00e3o, Flauta, Clarinete, Sax, Cavaco, Teclado, Piano, Acordeon, Canto e Pr\u00e1tica em Conjunto.\n<\/p>\n<\/div><\/div><\/div><\/div><\/div><\/div><div id=\"pg-w5ca53a1b9f027-1\"  class=\"panel-grid panel-no-style\" ><div id=\"pgc-w5ca53a1b9f027-1-0\"  class=\"panel-grid-cell\" ><div id=\"panel-w5ca53a1b9f027-1-0-0\" class=\"so-panel widget widget_sow-button panel-first-child panel-last-child\" data-index=\"2\" ><div\n\t\t\t\n\t\t\tclass=\"so-widget-sow-button so-widget-sow-button-flat-2a32d100a773\"\n\t\t\t\n\t\t><div class=\"ow-button-base ow-button-align-center\">\n\t<a href=\"http:\/\/eosom.com.br\/site\/escola\/\" class=\"ow-icon-placement-left ow-button-hover\" \t\t>\n\t\t<span>\n\t\t\t\n\t\t\tSAIBA MAIS\t\t<\/span>\n\t<\/a>\n<\/div>\n<\/div><\/div><\/div><\/div><\/div><\/div><\/div><\/div><\/div><div id=\"pg-15-2\"  class=\"panel-grid panel-has-style\" ><div class=\"siteorigin-panels-stretch panel-row-style panel-row-style-for-15-2\" data-stretch-type=\"full-stretched-padded\" ><div id=\"pgc-15-2-0\"  class=\"panel-grid-cell\" ><div id=\"panel-15-2-0-0\" class=\"so-panel widget widget_siteorigin-panels-builder panel-first-child panel-last-child\" data-index=\"2\" ><div id=\"pl-w5cdc9d564bf37\"  class=\"panel-layout\" ><div id=\"pg-w5cdc9d564bf37-0\"  class=\"panel-grid panel-no-style\" ><div id=\"pgc-w5cdc9d564bf37-0-0\"  class=\"panel-grid-cell\" ><div id=\"panel-w5cdc9d564bf37-0-0-0\" class=\"so-panel widget widget_media_image panel-first-child panel-last-child\" data-index=\"0\" ><img width=\"300\" height=\"300\" src=\"http:\/\/eosom.com.br\/site\/wp-content\/uploads\/2019\/03\/tit_nossos_cursos-300x300.png\" class=\"image wp-image-31  attachment-medium size-medium\" alt=\"\" decoding=\"async\" loading=\"lazy\" style=\"max-width: 100%; height: auto;\" srcset=\"http:\/\/eosom.com.br\/site\/wp-content\/uploads\/2019\/03\/tit_nossos_cursos-300x300.png 300w, http:\/\/eosom.com.br\/site\/wp-content\/uploads\/2019\/03\/tit_nossos_cursos-150x150.png 150w, http:\/\/eosom.com.br\/site\/wp-content\/uploads\/2019\/03\/tit_nossos_cursos.png 400w\" sizes=\"(max-width: 300px) 100vw, 300px\" \/><\/div><\/div><div id=\"pgc-w5cdc9d564bf37-0-1\"  class=\"panel-grid-cell\" ><div id=\"panel-w5cdc9d564bf37-0-1-0\" class=\"widget_text so-panel widget widget_custom_html panel-first-child panel-last-child\" data-index=\"1\" ><div class=\"textwidget custom-html-widget\"><p>\nAulas de Musicaliza\u00e7\u00e3o Infantil de 03 a 07 anos.\n<\/p>\n<p>\nBenef\u00edcios:\n\t<ul>\n\t\t<li>Favorece a integra\u00e7\u00e3o social;<\/li>\n\t\t<li>Desenvolve a coordena\u00e7\u00e3o motora;<\/li>\n\t\t<li>Facilita o processo de alfabetiza\u00e7\u00e3o;<\/li>\n\t\t<li>Desperta a sensibilidade musical e criatividade;<\/li>\n\t\t<li>Aumenta a auto estima;<\/li>\n\t\t<li>Proporciona no\u00e7\u00f5es r\u00edtmicas, mel\u00f3dicas e harm\u00f4nicas de forma l\u00fadica.<\/li>\n\t<\/ul>\n<\/p>\n<p><\/div><\/div><\/div><\/div><div id=\"pg-w5cdc9d564bf37-1\"  class=\"panel-grid panel-no-style\" ><div id=\"pgc-w5cdc9d564bf37-1-0\"  class=\"panel-grid-cell\" ><div id=\"panel-w5cdc9d564bf37-1-0-0\" class=\"so-panel widget widget_sow-button panel-first-child panel-last-child\" data-index=\"2\" ><div\n\t\t\t\n\t\t\tclass=\"so-widget-sow-button so-widget-sow-button-flat-c1d742a70899\"\n\t\t\t\n\t\t><div class=\"ow-button-base ow-button-align-center\">\n\t<a href=\"http:\/\/eosom.com.br\/site\/cursos\/\" class=\"ow-icon-placement-left ow-button-hover\" \t\t>\n\t\t<span>\n\t\t\t\n\t\t\tCONHE\u00c7A TODOS OS NOSSOS CURSOS\t\t<\/span>\n\t<\/a>\n<\/div>\n<\/div><\/div><\/div><\/div><\/div><\/div><\/div><\/div><\/div><div id=\"pg-15-3\"  class=\"panel-grid panel-has-style\" ><div class=\"siteorigin-panels-stretch panel-row-style panel-row-style-for-15-3\" data-stretch-type=\"full-stretched\" ><div id=\"pgc-15-3-0\"  class=\"panel-grid-cell\" ><div id=\"panel-15-3-0-0\" class=\"so-panel widget widget_media_image panel-first-child\" data-index=\"3\" ><div class=\"panel-widget-style panel-widget-style-for-15-3-0-0\" ><img width=\"300\" height=\"300\" src=\"http:\/\/eosom.com.br\/site\/wp-content\/uploads\/2019\/03\/tit_nossos_projetos-300x300.png\" class=\"image wp-image-56  attachment-medium size-medium\" alt=\"\" decoding=\"async\" loading=\"lazy\" style=\"max-width: 100%; height: auto;\" srcset=\"http:\/\/eosom.com.br\/site\/wp-content\/uploads\/2019\/03\/tit_nossos_projetos-300x300.png 300w, http:\/\/eosom.com.br\/site\/wp-content\/uploads\/2019\/03\/tit_nossos_projetos-150x150.png 150w, http:\/\/eosom.com.br\/site\/wp-content\/uploads\/2019\/03\/tit_nossos_projetos.png 400w\" sizes=\"(max-width: 300px) 100vw, 300px\" \/><\/div><\/div><div id=\"panel-15-3-0-1\" class=\"so-panel widget widget_text panel-last-child\" data-index=\"4\" ><div class=\"panel-widget-style panel-widget-style-for-15-3-0-1\" ><h3 class=\"widget-title\">Produ\u00e7\u00e3o Cultural<\/h3>\t\t\t<div class=\"textwidget\"><p>Al\u00e9m de cursos de m\u00fasica a escola faz a produ\u00e7\u00e3o cultural de diversos eventos ligados \u00e0 musica.<strong><br \/>\n<\/strong><\/p>\n<\/div>\n\t\t<\/div><\/div><\/div><div id=\"pgc-15-3-1\"  class=\"panel-grid-cell\" ><div id=\"panel-15-3-1-0\" class=\"so-panel widget widget_sow-slider panel-first-child panel-last-child\" data-index=\"5\" ><div\n\t\t\t\n\t\t\tclass=\"so-widget-sow-slider so-widget-sow-slider-default-53fd0f98de19-15\"\n\t\t\t\n\t\t><div class=\"sow-slider-base\" style=\"display: none\"><ul\n\t\t\t\t\tclass=\"sow-slider-images\"\n\t\t\t\t\tdata-settings=\"{&quot;pagination&quot;:true,&quot;speed&quot;:800,&quot;timeout&quot;:8000,&quot;paused&quot;:false,&quot;pause_on_hover&quot;:false,&quot;swipe&quot;:true,&quot;nav_always_show_desktop&quot;:&quot;&quot;,&quot;nav_always_show_mobile&quot;:&quot;&quot;,&quot;breakpoint&quot;:&quot;780px&quot;,&quot;unmute&quot;:false,&quot;anchor&quot;:null}\"\n\t\t\t\t\t\t\t\t\t\tdata-anchor-id=\"\"\n\t\t\t\t>\t\t<li class=\"sow-slider-image\" style=\"\" >\n\t\t\t\t\t\t<div class=\"sow-slider-image-container\">\n\t\t\t\t<div class=\"sow-slider-image-wrapper\" style=\"max-width: 1200px\">\n\t\t\t\t\t\t\t\t\t\t<div class=\"sow-slider-image-foreground-wrapper\">\n\t\t\t\t\t\t<img width=\"1200\" height=\"801\" src=\"http:\/\/eosom.com.br\/site\/wp-content\/uploads\/2019\/03\/Apresenta\u00e7\u00e3o-no-Asilo-Lar-da-Divina-Provid\u00eancia-\u2013-contrapartida-10082018-1.jpeg\" class=\"sow-slider-foreground-image skip-lazy\" alt=\"\" decoding=\"async\" loading=\"eager\" style=\"\" srcset=\"http:\/\/eosom.com.br\/site\/wp-content\/uploads\/2019\/03\/Apresenta\u00e7\u00e3o-no-Asilo-Lar-da-Divina-Provid\u00eancia-\u2013-contrapartida-10082018-1.jpeg 1200w, http:\/\/eosom.com.br\/site\/wp-content\/uploads\/2019\/03\/Apresenta\u00e7\u00e3o-no-Asilo-Lar-da-Divina-Provid\u00eancia-\u2013-contrapartida-10082018-1-300x200.jpeg 300w, http:\/\/eosom.com.br\/site\/wp-content\/uploads\/2019\/03\/Apresenta\u00e7\u00e3o-no-Asilo-Lar-da-Divina-Provid\u00eancia-\u2013-contrapartida-10082018-1-768x513.jpeg 768w, http:\/\/eosom.com.br\/site\/wp-content\/uploads\/2019\/03\/Apresenta\u00e7\u00e3o-no-Asilo-Lar-da-Divina-Provid\u00eancia-\u2013-contrapartida-10082018-1-1024x684.jpeg 1024w, http:\/\/eosom.com.br\/site\/wp-content\/uploads\/2019\/03\/Apresenta\u00e7\u00e3o-no-Asilo-Lar-da-Divina-Provid\u00eancia-\u2013-contrapartida-10082018-1-272x182.jpeg 272w\" sizes=\"(max-width: 1200px) 100vw, 1200px\" \/>\t\t\t\t\t<\/div>\n\t\t\t\t\t\t\t\t\t<\/div>\n\t\t\t<\/div>\n\t\t\t\t\t<\/li>\n\t\t\t\t<li class=\"sow-slider-image\" style=\"\" >\n\t\t\t\t\t\t<div class=\"sow-slider-image-container\">\n\t\t\t\t<div class=\"sow-slider-image-wrapper\" style=\"max-width: 1024px\">\n\t\t\t\t\t\t\t\t\t\t<div class=\"sow-slider-image-foreground-wrapper\">\n\t\t\t\t\t\t<img width=\"1024\" height=\"768\" src=\"http:\/\/eosom.com.br\/site\/wp-content\/uploads\/2019\/03\/17-Primeiro-lugar-Banda-Herm\u00e9ticca-de-Itapema.jpeg\" class=\"sow-slider-foreground-image skip-lazy\" alt=\"\" decoding=\"async\" loading=\"eager\" style=\"\" srcset=\"http:\/\/eosom.com.br\/site\/wp-content\/uploads\/2019\/03\/17-Primeiro-lugar-Banda-Herm\u00e9ticca-de-Itapema.jpeg 1024w, http:\/\/eosom.com.br\/site\/wp-content\/uploads\/2019\/03\/17-Primeiro-lugar-Banda-Herm\u00e9ticca-de-Itapema-300x225.jpeg 300w, http:\/\/eosom.com.br\/site\/wp-content\/uploads\/2019\/03\/17-Primeiro-lugar-Banda-Herm\u00e9ticca-de-Itapema-768x576.jpeg 768w\" sizes=\"(max-width: 1024px) 100vw, 1024px\" \/>\t\t\t\t\t<\/div>\n\t\t\t\t\t\t\t\t\t<\/div>\n\t\t\t<\/div>\n\t\t\t\t\t<\/li>\n\t\t\t\t<li class=\"sow-slider-image\" style=\"\" >\n\t\t\t\t\t\t<div class=\"sow-slider-image-container\">\n\t\t\t\t<div class=\"sow-slider-image-wrapper\" style=\"max-width: 1280px\">\n\t\t\t\t\t\t\t\t\t\t<div class=\"sow-slider-image-foreground-wrapper\">\n\t\t\t\t\t\t<img width=\"1280\" height=\"960\" src=\"http:\/\/eosom.com.br\/site\/wp-content\/uploads\/2019\/03\/Apresenta\u00e7\u00e3o-alunos-da-Oficina-da-M\u00fasica-Universal-com-Itiber\u00ea-Zwarg-no-Coreto-da-Pref-de-Navega300818.jpeg\" class=\"sow-slider-foreground-image skip-lazy\" alt=\"\" decoding=\"async\" loading=\"eager\" style=\"\" srcset=\"http:\/\/eosom.com.br\/site\/wp-content\/uploads\/2019\/03\/Apresenta\u00e7\u00e3o-alunos-da-Oficina-da-M\u00fasica-Universal-com-Itiber\u00ea-Zwarg-no-Coreto-da-Pref-de-Navega300818.jpeg 1280w, http:\/\/eosom.com.br\/site\/wp-content\/uploads\/2019\/03\/Apresenta\u00e7\u00e3o-alunos-da-Oficina-da-M\u00fasica-Universal-com-Itiber\u00ea-Zwarg-no-Coreto-da-Pref-de-Navega300818-300x225.jpeg 300w, http:\/\/eosom.com.br\/site\/wp-content\/uploads\/2019\/03\/Apresenta\u00e7\u00e3o-alunos-da-Oficina-da-M\u00fasica-Universal-com-Itiber\u00ea-Zwarg-no-Coreto-da-Pref-de-Navega300818-768x576.jpeg 768w, http:\/\/eosom.com.br\/site\/wp-content\/uploads\/2019\/03\/Apresenta\u00e7\u00e3o-alunos-da-Oficina-da-M\u00fasica-Universal-com-Itiber\u00ea-Zwarg-no-Coreto-da-Pref-de-Navega300818-1024x768.jpeg 1024w\" sizes=\"(max-width: 1280px) 100vw, 1280px\" \/>\t\t\t\t\t<\/div>\n\t\t\t\t\t\t\t\t\t<\/div>\n\t\t\t<\/div>\n\t\t\t\t\t<\/li>\n\t\t<\/ul>\t\t\t\t<ol class=\"sow-slider-pagination\">\n\t\t\t\t\t\t\t\t\t\t\t<li><a href=\"#\" data-goto=\"0\" aria-label=\"display slide 1\"><\/a><\/li>\n\t\t\t\t\t\t\t\t\t\t\t<li><a href=\"#\" data-goto=\"1\" aria-label=\"display slide 2\"><\/a><\/li>\n\t\t\t\t\t\t\t\t\t\t\t<li><a href=\"#\" data-goto=\"2\" aria-label=\"display slide 3\"><\/a><\/li>\n\t\t\t\t\t\t\t\t\t<\/ol>\n\n\t\t\t\t<div class=\"sow-slide-nav sow-slide-nav-next\">\n\t\t\t\t\t<a href=\"#\" data-goto=\"next\" aria-label=\"next slide\" data-action=\"next\">\n\t\t\t\t\t\t<em class=\"sow-sld-icon-thin-right\"><\/em>\n\t\t\t\t\t<\/a>\n\t\t\t\t<\/div>\n\n\t\t\t\t<div class=\"sow-slide-nav sow-slide-nav-prev\">\n\t\t\t\t\t<a href=\"#\" data-goto=\"previous\" aria-label=\"previous slide\" data-action=\"prev\">\n\t\t\t\t\t\t<em class=\"sow-sld-icon-thin-left\"><\/em>\n\t\t\t\t\t<\/a>\n\t\t\t\t<\/div>\n\t\t\t\t<\/div><\/div><\/div><\/div><\/div><\/div><div id=\"pg-15-4\"  class=\"panel-grid panel-has-style\" ><div class=\"siteorigin-panels-stretch panel-row-style panel-row-style-for-15-4\" data-stretch-type=\"full-stretched\" ><div id=\"pgc-15-4-0\"  class=\"panel-grid-cell panel-grid-cell-empty\" ><\/div><div id=\"pgc-15-4-1\"  class=\"panel-grid-cell panel-grid-cell-mobile-last\" ><div id=\"panel-15-4-1-0\" class=\"widget_text so-panel widget widget_custom_html panel-first-child panel-last-child\" data-index=\"6\" ><div class=\"widget_text panel-widget-style panel-widget-style-for-15-4-1-0\" ><div class=\"textwidget custom-html-widget\"><iframe width=\"900\" height=\"500\" src=\"https:\/\/www.youtube.com\/embed\/g1rCbzbYGs0\" frameborder=\"0\" allow=\"accelerometer; autoplay; encrypted-media; gyroscope; picture-in-picture\" allowfullscreen><\/iframe><\/div><\/div><\/div><\/div><div id=\"pgc-15-4-2\"  class=\"panel-grid-cell panel-grid-cell-empty\" ><\/div><\/div><\/div><div id=\"pg-15-5\"  class=\"panel-grid panel-no-style\" ><div id=\"pgc-15-5-0\"  class=\"panel-grid-cell panel-grid-cell-empty\" ><\/div><div id=\"pgc-15-5-1\"  class=\"panel-grid-cell panel-grid-cell-empty\" ><\/div><div id=\"pgc-15-5-2\"  class=\"panel-grid-cell panel-grid-cell-empty\" ><\/div><div id=\"pgc-15-5-3\"  class=\"panel-grid-cell\" ><div id=\"panel-15-5-3-0\" class=\"so-panel widget widget_media_image panel-first-child panel-last-child\" data-index=\"7\" ><a href=\"http:\/\/instagram.com\/escolaeosom\/\"><img width=\"60\" height=\"60\" src=\"http:\/\/eosom.com.br\/site\/wp-content\/uploads\/2019\/04\/instagram.png\" class=\"image wp-image-148  attachment-60x60 size-60x60\" alt=\"\" decoding=\"async\" loading=\"lazy\" style=\"max-width: 100%; height: auto;\" \/><\/a><\/div><\/div><div id=\"pgc-15-5-4\"  class=\"panel-grid-cell\" ><div id=\"panel-15-5-4-0\" class=\"so-panel widget widget_media_image panel-first-child panel-last-child\" data-index=\"8\" ><a href=\"https:\/\/www.youtube.com\/channel\/UCnE458qyZNQvf-UJjlsnoag\"><img width=\"60\" height=\"60\" src=\"http:\/\/eosom.com.br\/site\/wp-content\/uploads\/2019\/04\/youtube.png\" class=\"image wp-image-149  attachment-60x60 size-60x60\" alt=\"\" decoding=\"async\" loading=\"lazy\" style=\"max-width: 100%; height: auto;\" \/><\/a><\/div><\/div><div id=\"pgc-15-5-5\"  class=\"panel-grid-cell\" ><div id=\"panel-15-5-5-0\" class=\"so-panel widget widget_media_image panel-first-child panel-last-child\" data-index=\"9\" ><a href=\"http:\/\/facebook.com\/escolademusicaeosom\/\"><img width=\"60\" height=\"60\" src=\"http:\/\/eosom.com.br\/site\/wp-content\/uploads\/2019\/04\/face.png\" class=\"image wp-image-147  attachment-60x60 size-60x60\" alt=\"\" decoding=\"async\" loading=\"lazy\" style=\"max-width: 100%; height: auto;\" \/><\/a><\/div><\/div><div id=\"pgc-15-5-6\"  class=\"panel-grid-cell panel-grid-cell-empty\" ><\/div><div id=\"pgc-15-5-7\"  class=\"panel-grid-cell panel-grid-cell-empty panel-grid-cell-mobile-last\" ><\/div><div id=\"pgc-15-5-8\"  class=\"panel-grid-cell panel-grid-cell-empty\" ><\/div><\/div><\/div>","protected":false},"excerpt":{"rendered":"<p>A escola No m\u00eas de maio de 2008, em Navegantes foi inaugurada a Escola de m\u00fasica \u00c9 o Som. A primeira Escola da cidade tem como objetivo difundir a cultura musical, bem como aprimorar t\u00e9cnicas e o conhecimento de estudantes e interessados em aprender m\u00fasica. Criada pelo m\u00fasico navegantino e professor Maykow Santos, Licenciado em [&hellip;]<\/p>\n","protected":false},"author":1,"featured_media":0,"parent":0,"menu_order":0,"comment_status":"closed","ping_status":"closed","template":"","meta":[],"_links":{"self":[{"href":"http:\/\/eosom.com.br\/site\/wp-json\/wp\/v2\/pages\/15"}],"collection":[{"href":"http:\/\/eosom.com.br\/site\/wp-json\/wp\/v2\/pages"}],"about":[{"href":"http:\/\/eosom.com.br\/site\/wp-json\/wp\/v2\/types\/page"}],"author":[{"embeddable":true,"href":"http:\/\/eosom.com.br\/site\/wp-json\/wp\/v2\/users\/1"}],"replies":[{"embeddable":true,"href":"http:\/\/eosom.com.br\/site\/wp-json\/wp\/v2\/comments?post=15"}],"version-history":[{"count":73,"href":"http:\/\/eosom.com.br\/site\/wp-json\/wp\/v2\/pages\/15\/revisions"}],"predecessor-version":[{"id":177,"href":"http:\/\/eosom.com.br\/site\/wp-json\/wp\/v2\/pages\/15\/revisions\/177"}],"wp:attachment":[{"href":"http:\/\/eosom.com.br\/site\/wp-json\/wp\/v2\/media?parent=15"}],"curies":[{"name":"wp","href":"https:\/\/api.w.org\/{rel}","templated":true}]}}